{"id":1135,"date":"2019-05-03T08:16:10","date_gmt":"2019-05-03T06:16:10","guid":{"rendered":"http:\/\/yoga-ausbildung-kinder-jugendliche.de\/?page_id=1135"},"modified":"2019-05-29T15:04:35","modified_gmt":"2019-05-29T13:04:35","slug":"level-2","status":"publish","type":"page","link":"http:\/\/yoga-ausbildung-kinder-jugendliche.de\/?page_id=1135","title":{"rendered":"Level 2"},"content":{"rendered":"\n<p><strong>LEVEL 2 YOGA TEACHER<\/strong>&nbsp;|&nbsp; besteht aus 3 Modulen, die einzeln oder gesamt gebucht werden k\u00f6nnen.&nbsp;<\/p>\n\n\n\n<p>Die Themen sind Yoga mit Teens und die vertiefte Arbeit mit dem eigenen inneren Kind, sowie Trauma, Depressionen und \u00c4ngste, Hochsensibilit\u00e4t, ADS, ADHS usw. bei Kindern und Jugendlichen.&nbsp;<br><\/p>\n\n\n\n<p>LEVEL 2\u00a0ist im Anschluss an Level 1 gedacht und\u00a0schlie\u00dft ab mit 250 Unterrichtsstunden, dem Status einer Fachausbildung und dem Titel:\u00a0<strong><em>YogalehrerIn f\u00fcr Kinder und Jugendliche TEACHER in 3HO e.V.<\/em><\/strong><br><br><strong>! Das Besondere an Level 2 ist, dass auch Kundalini YogalehrerInnen mit Stufe 1 oder 2 diese Module zur fachspezifischen Vertiefung einzeln oder gesamt buchen k\u00f6nnen und wird mit einem Zertifikat mit der Anzahl der Stunden und dem Thema bescheinigt.<\/strong><\/p>\n\n\n\n<p>Level 2 besteht aus <strong>3 Modulen<\/strong>, die einzeln oder gesamt gebucht werden k\u00f6nnen. <\/p>\n\n\n\n<p><strong>Jugendliche<\/strong> \u2013 sie bekommen traditionelle Werkzeuge und Meditationen an die Hand, die als wesentliche Strategien dienen, um jungen Leuten zu helfen, Stress, Angst, Einsamkeit und \u00c4rger zu bew\u00e4ltigen. Sie k\u00f6nnen ihr kreatives Potenzial selbstbewusst in die Welt tragen.&nbsp;Wie schaffe ich es als Yogalehrer*in, die Jugendlichen dahin zu f\u00fchren?&nbsp; <br><br><strong>Die vertiefte Arbeit mit dem inneren Kind<\/strong> \u2013 hilft dir als YogalehrerIn dein eigenes kreatives Potenzial hervorzuholen und freudvoll zu leben. Uns selbst und das \u201eInnere Kind\u201c wollen wir annehmen, indem wir uns ihm liebevoll zuwenden. &nbsp;Yogi Bhajan sprach vom Inneren Kind und vom Hidden Self, dem Verborgenen Selbst. Wir erkennen unser Verborgenes Selbst und weisen es in die Schranken und ver\u00e4ndern so unsere Verhaltensmuster in eine positive Richtung.<br><br><strong>Trauma, \u00c4ngste und Depressionen bei Kindern und Jugendlichen&nbsp;<\/strong>wirken sich im allt\u00e4glichen Leben als Stolperfallen und Behinderung des eigenen Potenzials aus.&nbsp;<strong>Besondere Kinder (Hochsensibilit\u00e4t, ADS, ADHS, Indigo \u2026\u2026.)&nbsp;<\/strong>Wie hilft Yoga hier? Was brauchen die Kinder und Jugendlichen zur Bew\u00e4ltigung? Was braucht der\/die Yogalehrer*in um damit umgehen zu k\u00f6nnen im Unterricht?<\/p>\n\n\n\n<p>Bei Einzelbuchung bekommst du ein Zertifikat f\u00fcr das Thema mit der Stundenanzahl.\u00a0<strong>!<\/strong><\/p>\n\n\n\n<p><strong>KOSTEN:<\/strong><\/p>\n\n\n\n<p>Level 2 komplett, alle 3 Module:&nbsp;&nbsp; \u20ac 770,00&nbsp;&nbsp;&nbsp;&nbsp;&nbsp;&nbsp;&nbsp;&nbsp; <br>Zertifikat \u201eTEACHER Yogalehrerin f\u00fcr Kinder &amp; Jugendliche in 3HO e.V.\u201c<\/p>\n\n\n\n<p>Einzelne Module:  WE 1 \u20ac 320,00&nbsp;&nbsp;&nbsp;&nbsp;&nbsp;&nbsp;&nbsp; WE 2 \u20ac 320,00&nbsp;&nbsp;&nbsp;&nbsp;&nbsp;&nbsp;&nbsp;&nbsp;&nbsp;&nbsp; &nbsp;WE 3 \u20ac 210,00&nbsp; jeweils ein Zertifikat mit Stundenanzahl und Thema<\/p>\n\n\n\n<p><\/p>\n","protected":false},"excerpt":{"rendered":"<p>LEVEL 2 YOGA TEACHER&nbsp;|&nbsp; besteht aus 3 Modulen, die einzeln oder gesamt gebucht werden k\u00f6nnen.&nbsp; Die Themen sind Yoga mit Teens und die vertiefte Arbeit mit dem eigenen inneren Kind, sowie Trauma, Depressionen und \u00c4ngste, Hochsensibilit\u00e4t, ADS, ADHS usw. bei Kindern und Jugendlichen.&nbsp; LEVEL 2\u00a0ist im Anschluss an Level 1 gedacht und\u00a0schlie\u00dft ab mit 250 [&hellip;]<\/p>\n","protected":false},"author":2,"featured_media":0,"parent":0,"menu_order":0,"comment_status":"closed","ping_status":"closed","template":"","meta":[],"yoast_head":"<!-- This site is optimized with the Yoast SEO plugin v15.6.2 - https:\/\/yoast.com\/wordpress\/plugins\/seo\/ -->\n<meta name=\"robots\" content=\"index, follow, max-snippet:-1, max-image-preview:large, max-video-preview:-1\" \/>\n<link rel=\"canonical\" href=\"http:\/\/yoga-ausbildung-kinder-jugendliche.de\/?page_id=1135\" \/>\n<meta property=\"og:locale\" content=\"de_DE\" \/>\n<meta property=\"og:type\" content=\"article\" \/>\n<meta property=\"og:title\" content=\"Level 2 - http:\/\/yoga-ausbildung-kinder-jugendliche.de\" \/>\n<meta property=\"og:description\" content=\"LEVEL 2 YOGA TEACHER&nbsp;|&nbsp; besteht aus 3 Modulen, die einzeln oder gesamt gebucht werden k\u00f6nnen.&nbsp; Die Themen sind Yoga mit Teens und die vertiefte Arbeit mit dem eigenen inneren Kind, sowie Trauma, Depressionen und \u00c4ngste, Hochsensibilit\u00e4t, ADS, ADHS usw. bei Kindern und Jugendlichen.&nbsp; LEVEL 2\u00a0ist im Anschluss an Level 1 gedacht und\u00a0schlie\u00dft ab mit 250 [&hellip;]\" \/>\n<meta property=\"og:url\" content=\"http:\/\/yoga-ausbildung-kinder-jugendliche.de\/?page_id=1135\" \/>\n<meta property=\"og:site_name\" content=\"http:\/\/yoga-ausbildung-kinder-jugendliche.de\" \/>\n<meta property=\"article:publisher\" content=\"https:\/\/www.facebook.com\/Fachausbildung-Kinderyoga-LehrerIn-in-3HO-eV-224303660919417\/?fref=ts\" \/>\n<meta property=\"article:modified_time\" content=\"2019-05-29T13:04:35+00:00\" \/>\n<meta name=\"twitter:card\" content=\"summary\" \/>\n<meta name=\"twitter:label1\" content=\"Gesch\u00e4tzte Lesezeit\">\n\t<meta name=\"twitter:data1\" content=\"2\u00a0Minuten\">\n<script type=\"application\/ld+json\" class=\"yoast-schema-graph\">{\"@context\":\"https:\/\/schema.org\",\"@graph\":[{\"@type\":\"WebSite\",\"@id\":\"http:\/\/yoga-ausbildung-kinder-jugendliche.de\/#website\",\"url\":\"http:\/\/yoga-ausbildung-kinder-jugendliche.de\/\",\"name\":\"http:\/\/yoga-ausbildung-kinder-jugendliche.de\",\"description\":\"3HO Fachausbildung YogalehrerIn f\\u00fcr Kinder &amp; Jugendliche\",\"potentialAction\":[{\"@type\":\"SearchAction\",\"target\":\"http:\/\/yoga-ausbildung-kinder-jugendliche.de\/?s={search_term_string}\",\"query-input\":\"required name=search_term_string\"}],\"inLanguage\":\"de\"},{\"@type\":\"WebPage\",\"@id\":\"http:\/\/yoga-ausbildung-kinder-jugendliche.de\/?page_id=1135#webpage\",\"url\":\"http:\/\/yoga-ausbildung-kinder-jugendliche.de\/?page_id=1135\",\"name\":\"Level 2 - http:\/\/yoga-ausbildung-kinder-jugendliche.de\",\"isPartOf\":{\"@id\":\"http:\/\/yoga-ausbildung-kinder-jugendliche.de\/#website\"},\"datePublished\":\"2019-05-03T06:16:10+00:00\",\"dateModified\":\"2019-05-29T13:04:35+00:00\",\"inLanguage\":\"de\",\"potentialAction\":[{\"@type\":\"ReadAction\",\"target\":[\"http:\/\/yoga-ausbildung-kinder-jugendliche.de\/?page_id=1135\"]}]}]}<\/script>\n<!-- \/ Yoast SEO plugin. -->","_links":{"self":[{"href":"http:\/\/yoga-ausbildung-kinder-jugendliche.de\/index.php?rest_route=\/wp\/v2\/pages\/1135"}],"collection":[{"href":"http:\/\/yoga-ausbildung-kinder-jugendliche.de\/index.php?rest_route=\/wp\/v2\/pages"}],"about":[{"href":"http:\/\/yoga-ausbildung-kinder-jugendliche.de\/index.php?rest_route=\/wp\/v2\/types\/page"}],"author":[{"embeddable":true,"href":"http:\/\/yoga-ausbildung-kinder-jugendliche.de\/index.php?rest_route=\/wp\/v2\/users\/2"}],"replies":[{"embeddable":true,"href":"http:\/\/yoga-ausbildung-kinder-jugendliche.de\/index.php?rest_route=%2Fwp%2Fv2%2Fcomments&post=1135"}],"version-history":[{"count":3,"href":"http:\/\/yoga-ausbildung-kinder-jugendliche.de\/index.php?rest_route=\/wp\/v2\/pages\/1135\/revisions"}],"predecessor-version":[{"id":1166,"href":"http:\/\/yoga-ausbildung-kinder-jugendliche.de\/index.php?rest_route=\/wp\/v2\/pages\/1135\/revisions\/1166"}],"wp:attachment":[{"href":"http:\/\/yoga-ausbildung-kinder-jugendliche.de\/index.php?rest_route=%2Fwp%2Fv2%2Fmedia&parent=1135"}],"curies":[{"name":"wp","href":"https:\/\/api.w.org\/{rel}","templated":true}]}}