{"id":35,"date":"2016-07-19T20:18:02","date_gmt":"2016-07-19T18:18:02","guid":{"rendered":"http:\/\/yoga-ausbildung-kinder-jugendliche.de\/?page_id=35"},"modified":"2022-11-26T11:09:20","modified_gmt":"2022-11-26T10:09:20","slug":"impressum","status":"publish","type":"page","link":"http:\/\/yoga-ausbildung-kinder-jugendliche.de\/?page_id=35","title":{"rendered":"Impressum"},"content":{"rendered":"<p><span style=\"font-size: 12pt;\"><strong><img loading=\"lazy\" class=\"alignright wp-image-837\" src=\"http:\/\/yoga-ausbildung-kinder-jugendliche.de\/wp-content\/uploads\/2016\/07\/kiyo-logo-web.jpg\" width=\"98\" height=\"120\" \/><\/strong><strong>Verantwortlich f\u00fcr die Inhalte gem\u00e4\u00df \u00a7 5 TMG \/ \u00a7 55 II RStV<\/strong><strong><br \/>\n<\/strong>Fachausbildung YogalehrerIn f\u00fcr Kinder und Jugendliche in 3HO e.V.<\/span><br \/>\n<span style=\"font-size: 12pt;\"> Heinrich-Barth-Stra\u00dfe 1, 20146 Hamburg<\/span><br \/>\n<span style=\"font-size: 12pt;\"> Telefon: (040) 20 97 18 -77, Fax: -79<\/span><br \/>\n<span style=\"font-size: 12pt;\"> &gt; <a href=\"http:\/\/yoga-ausbildung-kinder-jugendliche.de\/?page_id=31\">KONTAKT<\/a><\/span><\/p>\n<p><span style=\"font-size: 12pt;\"><strong>Haftungsausschluss<\/strong><\/span><br \/>\n<span style=\"font-size: 12pt;\"> Die Inhalte dieser Website wurden mit gr\u00f6\u00dfter Sorgfalt erstellt. Der Anbieter \u00fcbernimmt jedoch keine Gew\u00e4hr f\u00fcr die Richtigkeit, Vollst\u00e4ndigkeit und Aktualit\u00e4t der Inhalte. Als Diensteanbieter sind wir gem\u00e4\u00df \u00a7 7 Abs.1 TMG f\u00fcr eigene Inhalte auf diesen Seiten nach den allgemeinen Gesetzen verantwortlich. Nach \u00a7\u00a7 8 bis 10 TMG sind wir als Diensteanbieter jedoch nicht verpflichtet, \u00fcbermittelte oder gespeicherte fremde Informationen zu \u00fcberwachen oder nach Umst\u00e4nden zu forschen, die auf eine rechtswidrige T\u00e4tigkeit hinweisen. Verpflichtungen zur Entfernung oder Sperrung der Nutzung von Informationen nach den allgemeinen Gesetzen bleiben hiervon unber\u00fchrt. Eine diesbez\u00fcgliche Haftung ist jedoch erst ab dem Zeitpunkt der Kenntnis einer konkreten Rechtsverletzung m\u00f6glich. Bei Bekanntwerden von entsprechenden Rechtsverletzungen werden wir diese Inhalte umgehend entfernen. Die Nutzung der Inhalte der Website erfolgt auf eigene Gefahr des Nutzers. Namentlich gekennzeichnete Beitr\u00e4ge geben die Meinung des jeweiligen Autors und nicht immer die Meinung des Anbieters wieder. Mit der reinen Nutzung der Website des Anbieters kommt keinerlei Vertragsverh\u00e4ltnis zwischen dem Nutzer und dem Anbieter zustande.<\/span><\/p>\n<p><span style=\"font-size: 12pt;\"><strong>Yoga-Fotos<\/strong><\/span><br \/>\n<span style=\"font-size: 12pt;\"> <a href=\"http:\/\/www.istockphoto.com\/de\" target=\"_blank\" rel=\"noopener\">iStockphoto.com<\/a><\/span><br \/>\n<span style=\"font-size: 12pt;\">pixabay.com<\/span><\/p>\n","protected":false},"excerpt":{"rendered":"<p>Verantwortlich f\u00fcr die Inhalte gem\u00e4\u00df \u00a7 5 TMG \/ \u00a7 55 II RStV Fachausbildung YogalehrerIn f\u00fcr Kinder und Jugendliche in 3HO e.V. Heinrich-Barth-Stra\u00dfe 1, 20146 Hamburg Telefon: (040) 20 97 18 -77, Fax: -79 &gt; KONTAKT Haftungsausschluss Die Inhalte dieser Website wurden mit gr\u00f6\u00dfter Sorgfalt erstellt. Der Anbieter \u00fcbernimmt jedoch keine Gew\u00e4hr f\u00fcr die Richtigkeit, [&hellip;]<\/p>\n","protected":false},"author":1,"featured_media":0,"parent":31,"menu_order":0,"comment_status":"closed","ping_status":"closed","template":"","meta":[],"yoast_head":"<!-- This site is optimized with the Yoast SEO plugin v15.6.2 - https:\/\/yoast.com\/wordpress\/plugins\/seo\/ -->\n<meta name=\"robots\" content=\"index, follow, max-snippet:-1, max-image-preview:large, max-video-preview:-1\" \/>\n<link rel=\"canonical\" href=\"http:\/\/yoga-ausbildung-kinder-jugendliche.de\/?page_id=35\" \/>\n<meta property=\"og:locale\" content=\"de_DE\" \/>\n<meta property=\"og:type\" content=\"article\" \/>\n<meta property=\"og:title\" content=\"Impressum - http:\/\/yoga-ausbildung-kinder-jugendliche.de\" \/>\n<meta property=\"og:description\" content=\"Verantwortlich f\u00fcr die Inhalte gem\u00e4\u00df \u00a7 5 TMG \/ \u00a7 55 II RStV Fachausbildung YogalehrerIn f\u00fcr Kinder und Jugendliche in 3HO e.V. Heinrich-Barth-Stra\u00dfe 1, 20146 Hamburg Telefon: (040) 20 97 18 -77, Fax: -79 &gt; KONTAKT Haftungsausschluss Die Inhalte dieser Website wurden mit gr\u00f6\u00dfter Sorgfalt erstellt. Der Anbieter \u00fcbernimmt jedoch keine Gew\u00e4hr f\u00fcr die Richtigkeit, [&hellip;]\" \/>\n<meta property=\"og:url\" content=\"http:\/\/yoga-ausbildung-kinder-jugendliche.de\/?page_id=35\" \/>\n<meta property=\"og:site_name\" content=\"http:\/\/yoga-ausbildung-kinder-jugendliche.de\" \/>\n<meta property=\"article:publisher\" content=\"https:\/\/www.facebook.com\/Fachausbildung-Kinderyoga-LehrerIn-in-3HO-eV-224303660919417\/?fref=ts\" \/>\n<meta property=\"article:modified_time\" content=\"2022-11-26T10:09:20+00:00\" \/>\n<meta property=\"og:image\" content=\"http:\/\/yoga-ausbildung-kinder-jugendliche.de\/wp-content\/uploads\/2016\/07\/kiyo-logo-web.jpg\" \/>\n<meta name=\"twitter:card\" content=\"summary\" \/>\n<meta name=\"twitter:label1\" content=\"Gesch\u00e4tzte Lesezeit\">\n\t<meta name=\"twitter:data1\" content=\"2\u00a0Minuten\">\n<script type=\"application\/ld+json\" class=\"yoast-schema-graph\">{\"@context\":\"https:\/\/schema.org\",\"@graph\":[{\"@type\":\"WebSite\",\"@id\":\"http:\/\/yoga-ausbildung-kinder-jugendliche.de\/#website\",\"url\":\"http:\/\/yoga-ausbildung-kinder-jugendliche.de\/\",\"name\":\"http:\/\/yoga-ausbildung-kinder-jugendliche.de\",\"description\":\"3HO Fachausbildung YogalehrerIn f\\u00fcr Kinder &amp; Jugendliche\",\"potentialAction\":[{\"@type\":\"SearchAction\",\"target\":\"http:\/\/yoga-ausbildung-kinder-jugendliche.de\/?s={search_term_string}\",\"query-input\":\"required name=search_term_string\"}],\"inLanguage\":\"de\"},{\"@type\":\"ImageObject\",\"@id\":\"http:\/\/yoga-ausbildung-kinder-jugendliche.de\/?page_id=35#primaryimage\",\"inLanguage\":\"de\",\"url\":\"http:\/\/yoga-ausbildung-kinder-jugendliche.de\/wp-content\/uploads\/2016\/07\/kiyo-logo-web.jpg\",\"width\":116,\"height\":142},{\"@type\":\"WebPage\",\"@id\":\"http:\/\/yoga-ausbildung-kinder-jugendliche.de\/?page_id=35#webpage\",\"url\":\"http:\/\/yoga-ausbildung-kinder-jugendliche.de\/?page_id=35\",\"name\":\"Impressum - http:\/\/yoga-ausbildung-kinder-jugendliche.de\",\"isPartOf\":{\"@id\":\"http:\/\/yoga-ausbildung-kinder-jugendliche.de\/#website\"},\"primaryImageOfPage\":{\"@id\":\"http:\/\/yoga-ausbildung-kinder-jugendliche.de\/?page_id=35#primaryimage\"},\"datePublished\":\"2016-07-19T18:18:02+00:00\",\"dateModified\":\"2022-11-26T10:09:20+00:00\",\"inLanguage\":\"de\",\"potentialAction\":[{\"@type\":\"ReadAction\",\"target\":[\"http:\/\/yoga-ausbildung-kinder-jugendliche.de\/?page_id=35\"]}]}]}<\/script>\n<!-- \/ Yoast SEO plugin. -->","_links":{"self":[{"href":"http:\/\/yoga-ausbildung-kinder-jugendliche.de\/index.php?rest_route=\/wp\/v2\/pages\/35"}],"collection":[{"href":"http:\/\/yoga-ausbildung-kinder-jugendliche.de\/index.php?rest_route=\/wp\/v2\/pages"}],"about":[{"href":"http:\/\/yoga-ausbildung-kinder-jugendliche.de\/index.php?rest_route=\/wp\/v2\/types\/page"}],"author":[{"embeddable":true,"href":"http:\/\/yoga-ausbildung-kinder-jugendliche.de\/index.php?rest_route=\/wp\/v2\/users\/1"}],"replies":[{"embeddable":true,"href":"http:\/\/yoga-ausbildung-kinder-jugendliche.de\/index.php?rest_route=%2Fwp%2Fv2%2Fcomments&post=35"}],"version-history":[{"count":19,"href":"http:\/\/yoga-ausbildung-kinder-jugendliche.de\/index.php?rest_route=\/wp\/v2\/pages\/35\/revisions"}],"predecessor-version":[{"id":1312,"href":"http:\/\/yoga-ausbildung-kinder-jugendliche.de\/index.php?rest_route=\/wp\/v2\/pages\/35\/revisions\/1312"}],"up":[{"embeddable":true,"href":"http:\/\/yoga-ausbildung-kinder-jugendliche.de\/index.php?rest_route=\/wp\/v2\/pages\/31"}],"wp:attachment":[{"href":"http:\/\/yoga-ausbildung-kinder-jugendliche.de\/index.php?rest_route=%2Fwp%2Fv2%2Fmedia&parent=35"}],"curies":[{"name":"wp","href":"https:\/\/api.w.org\/{rel}","templated":true}]}}