{"id":65,"date":"2016-07-19T20:45:43","date_gmt":"2016-07-19T18:45:43","guid":{"rendered":"http:\/\/yoga-ausbildung-kinder-jugendliche.de\/?page_id=65"},"modified":"2019-05-29T14:52:21","modified_gmt":"2019-05-29T12:52:21","slug":"termine","status":"publish","type":"page","link":"http:\/\/yoga-ausbildung-kinder-jugendliche.de\/?page_id=65","title":{"rendered":"AUSBILDUNGSST\u00c4DTE"},"content":{"rendered":"<p><span style=\"font-family: arial,helvetica,sans-serif; font-size: 12pt;\"><span style=\"font-size: 16pt;\"><strong>AUSBILDUNGSST\u00c4DTE<\/strong><\/span> | <a href=\"http:\/\/yoga-ausbildung-kinder-jugendliche.de\/wp-content\/uploads\/2016\/07\/kiyo-fold-LEV-1-0517-mail.pdf\" target=\"_blank\" rel=\"noopener noreferrer\">PDF allgemeine Infos<\/a><\/span><br \/>\n<span style=\"font-family: arial,helvetica,sans-serif; font-size: 12pt;\"> <sup>F\u00fcr weitere Informationen auf die gew\u00fcnschte Stadt klicken<\/sup><\/span><span style=\"font-family: arial,helvetica,sans-serif; font-size: 12pt;\">\u00a0<\/span><br \/>\n<span style=\"font-family: arial,helvetica,sans-serif; font-size: 12pt;\"> <strong><span style=\"color: #7ca5c4;\"><a style=\"color: #7ca5c4;\" href=\"http:\/\/yoga-ausbildung-kinder-jugendliche.de\/?page_id=506\">&gt; HAMBURG LEVEL 1<\/a><\/span><\/strong> <\/span><br \/>\n<span style=\"font-family: arial,helvetica,sans-serif; font-size: 12pt;\"> <span style=\"color: #08c9d4;\"><a style=\"color: #08c9d4;\" href=\"http:\/\/yoga-ausbildung-kinder-jugendliche.de\/?page_id=58\"><strong>&gt; KLAUSEN LEVEL 1<\/strong><\/a><\/span> <\/span><br \/>\n<span style=\"font-family: arial,helvetica,sans-serif; font-size: 12pt;\"> <strong><span style=\"color: #a989b0;\"><a style=\"color: #a989b0;\" href=\"http:\/\/yoga-ausbildung-kinder-jugendliche.de\/?page_id=698\">&gt; M\u00dcNCHEN LEVEL 1<\/a><\/span><\/strong> <\/span><\/p>\n","protected":false},"excerpt":{"rendered":"<p>AUSBILDUNGSST\u00c4DTE | PDF allgemeine Infos F\u00fcr weitere Informationen auf die gew\u00fcnschte Stadt klicken\u00a0 &gt; HAMBURG LEVEL 1 &gt; KLAUSEN LEVEL 1 &gt; M\u00dcNCHEN LEVEL 1<\/p>\n","protected":false},"author":1,"featured_media":0,"parent":0,"menu_order":3,"comment_status":"closed","ping_status":"closed","template":"","meta":[],"yoast_head":"<!-- This site is optimized with the Yoast SEO plugin v15.6.2 - https:\/\/yoast.com\/wordpress\/plugins\/seo\/ -->\n<meta name=\"robots\" content=\"index, follow, max-snippet:-1, max-image-preview:large, max-video-preview:-1\" \/>\n<link rel=\"canonical\" href=\"http:\/\/yoga-ausbildung-kinder-jugendliche.de\/?page_id=65\" \/>\n<meta property=\"og:locale\" content=\"de_DE\" \/>\n<meta property=\"og:type\" content=\"article\" \/>\n<meta property=\"og:title\" content=\"AUSBILDUNGSST\u00c4DTE - http:\/\/yoga-ausbildung-kinder-jugendliche.de\" \/>\n<meta property=\"og:description\" content=\"AUSBILDUNGSST\u00c4DTE | PDF allgemeine Infos F\u00fcr weitere Informationen auf die gew\u00fcnschte Stadt klicken\u00a0 &gt; HAMBURG LEVEL 1 &gt; KLAUSEN LEVEL 1 &gt; M\u00dcNCHEN LEVEL 1\" \/>\n<meta property=\"og:url\" content=\"http:\/\/yoga-ausbildung-kinder-jugendliche.de\/?page_id=65\" \/>\n<meta property=\"og:site_name\" content=\"http:\/\/yoga-ausbildung-kinder-jugendliche.de\" \/>\n<meta property=\"article:publisher\" content=\"https:\/\/www.facebook.com\/Fachausbildung-Kinderyoga-LehrerIn-in-3HO-eV-224303660919417\/?fref=ts\" \/>\n<meta property=\"article:modified_time\" content=\"2019-05-29T12:52:21+00:00\" \/>\n<meta name=\"twitter:card\" content=\"summary\" \/>\n<script type=\"application\/ld+json\" class=\"yoast-schema-graph\">{\"@context\":\"https:\/\/schema.org\",\"@graph\":[{\"@type\":\"WebSite\",\"@id\":\"http:\/\/yoga-ausbildung-kinder-jugendliche.de\/#website\",\"url\":\"http:\/\/yoga-ausbildung-kinder-jugendliche.de\/\",\"name\":\"http:\/\/yoga-ausbildung-kinder-jugendliche.de\",\"description\":\"3HO Fachausbildung YogalehrerIn f\\u00fcr Kinder &amp; Jugendliche\",\"potentialAction\":[{\"@type\":\"SearchAction\",\"target\":\"http:\/\/yoga-ausbildung-kinder-jugendliche.de\/?s={search_term_string}\",\"query-input\":\"required name=search_term_string\"}],\"inLanguage\":\"de\"},{\"@type\":\"WebPage\",\"@id\":\"http:\/\/yoga-ausbildung-kinder-jugendliche.de\/?page_id=65#webpage\",\"url\":\"http:\/\/yoga-ausbildung-kinder-jugendliche.de\/?page_id=65\",\"name\":\"AUSBILDUNGSST\\u00c4DTE - http:\/\/yoga-ausbildung-kinder-jugendliche.de\",\"isPartOf\":{\"@id\":\"http:\/\/yoga-ausbildung-kinder-jugendliche.de\/#website\"},\"datePublished\":\"2016-07-19T18:45:43+00:00\",\"dateModified\":\"2019-05-29T12:52:21+00:00\",\"inLanguage\":\"de\",\"potentialAction\":[{\"@type\":\"ReadAction\",\"target\":[\"http:\/\/yoga-ausbildung-kinder-jugendliche.de\/?page_id=65\"]}]}]}<\/script>\n<!-- \/ Yoast SEO plugin. -->","_links":{"self":[{"href":"http:\/\/yoga-ausbildung-kinder-jugendliche.de\/index.php?rest_route=\/wp\/v2\/pages\/65"}],"collection":[{"href":"http:\/\/yoga-ausbildung-kinder-jugendliche.de\/index.php?rest_route=\/wp\/v2\/pages"}],"about":[{"href":"http:\/\/yoga-ausbildung-kinder-jugendliche.de\/index.php?rest_route=\/wp\/v2\/types\/page"}],"author":[{"embeddable":true,"href":"http:\/\/yoga-ausbildung-kinder-jugendliche.de\/index.php?rest_route=\/wp\/v2\/users\/1"}],"replies":[{"embeddable":true,"href":"http:\/\/yoga-ausbildung-kinder-jugendliche.de\/index.php?rest_route=%2Fwp%2Fv2%2Fcomments&post=65"}],"version-history":[{"count":119,"href":"http:\/\/yoga-ausbildung-kinder-jugendliche.de\/index.php?rest_route=\/wp\/v2\/pages\/65\/revisions"}],"predecessor-version":[{"id":1161,"href":"http:\/\/yoga-ausbildung-kinder-jugendliche.de\/index.php?rest_route=\/wp\/v2\/pages\/65\/revisions\/1161"}],"wp:attachment":[{"href":"http:\/\/yoga-ausbildung-kinder-jugendliche.de\/index.php?rest_route=%2Fwp%2Fv2%2Fmedia&parent=65"}],"curies":[{"name":"wp","href":"https:\/\/api.w.org\/{rel}","templated":true}]}}