{"id":8,"date":"2016-07-19T19:09:40","date_gmt":"2016-07-19T17:09:40","guid":{"rendered":"http:\/\/yoga-ausbildung-kinder-jugendliche.de\/?page_id=8"},"modified":"2021-04-27T10:46:44","modified_gmt":"2021-04-27T08:46:44","slug":"level-1-level-2","status":"publish","type":"page","link":"http:\/\/yoga-ausbildung-kinder-jugendliche.de\/?page_id=8","title":{"rendered":"Level 1"},"content":{"rendered":"<p><span style=\"font-family: arial,helvetica,sans-serif;\"><span style=\"font-size: 12pt;\">Durch unser Ausbildungssystem von LEVEL 1 &amp; LEVEL 2 bieten wir die M\u00f6glichkeit, eine fundierte und umfangreiche Ausbildung als YogalehrerIn f\u00fcr Kinder zu absolvieren. <\/span><span style=\"font-size: 12pt;\">LEVEL 1 &amp; LEVEL 2 sowie die einzelnen Module in LEVEL 2 sind zeitlich unabh\u00e4ngig voneinander buchbar. Durch diese Flexibilit\u00e4t hast Du die M\u00f6glichkeit, den Ausbildungsverlauf individuell an Dein Familienleben und Deinen anspruchsvollen Alltag anzupassen.<\/span><\/span><\/p>\n<p><span style=\"font-size: 12pt; font-family: arial,helvetica,sans-serif;\"><strong>LEVEL 1 INSTRUCTOR<\/strong> | ist eine zusammenh\u00e4ngende Grundausbildung, in denen die grundlegenden Kompetenzen zum erfolgreichen Unterrichten von Kindern zwischen 3-13 Jahren vermittelt werden. LEVEL 1 schlie\u00dft ab mit dem Zertifikat:<\/span><br \/>\n<span style=\"font-size: 12pt; font-family: arial,helvetica,sans-serif;\"> <em>Kinderyoga AnleiterIn INSTRUCTOR in 3HO e.V.<\/em><\/span><\/p>\n<p><span style=\"font-size: 12pt; font-family: arial,helvetica,sans-serif;\"><strong>WAS BEDEUTET LEVEL 1?<\/strong><\/span><br \/>\n<span style=\"font-size: 12pt; font-family: arial,helvetica,sans-serif;\"> LEVEL 1 INSTRUCTOR Kinderyoga in 3HO e.V. ist eine Grundausbildung, die in f\u00fcnf Ausbildungseinheiten stattfindet:<\/span><\/p>\n<ol>\n<li><span style=\"font-size: 12pt; font-family: arial,helvetica,sans-serif;\">Asanas \u2013 Stundenaufbau<\/span><\/li>\n<li><span style=\"font-size: 12pt; font-family: arial,helvetica,sans-serif;\">Meditation \u2013 Chakren \u2013 verschiedene Altersgruppen<\/span><\/li>\n<li><span style=\"font-size: 12pt; font-family: arial,helvetica,sans-serif;\">Inneres Kind \u2013 Pranayama<\/span><\/li>\n<li><span style=\"font-size: 12pt; font-family: arial,helvetica,sans-serif;\">Partner\u00fcbungen \u2013 Entspannung<\/span><\/li>\n<li><span style=\"font-size: 12pt; font-family: arial,helvetica,sans-serif;\">Spiele \u2013 Selbstwert<\/span><\/li>\n<\/ol>\n<p><span style=\"font-size: 12pt; font-family: arial,helvetica,sans-serif;\"> Dazu kommt verbindlich ein Grundlagenwochenende, sofern keine Kundalini Yoga Lehrerausbildung Stufe 1 absolviert wurde.<\/span><\/p>\n<p><span style=\"font-size: 12pt; font-family: arial,helvetica,sans-serif;\"><strong>DIE AUSBILDUNG LEVEL 1 RICHTET SICH AN<\/strong><\/span><\/p>\n<ul>\n<li><span style=\"font-size: 12pt; font-family: arial,helvetica,sans-serif;\">ErzieherInnen, Sozialp\u00e4dagogenInnen, LehrerInnen<\/span><\/li>\n<li><span style=\"font-size: 12pt; font-family: arial,helvetica,sans-serif;\">bereits ausgebildete YogalehrerInnen f\u00fcr Kinder und Jugendliche<\/span><\/li>\n<li><span style=\"font-size: 12pt; font-family: arial,helvetica,sans-serif;\">Kundalini Yoga LehrerInnen mit Stufe 1 zur fachspezifischen Vertiefung<\/span><\/li>\n<li><span style=\"font-size: 12pt; font-family: arial,helvetica,sans-serif;\">an alle, die Freude an der Arbeit mit Kindern haben \u2013 auch ohne Vorkenntnisse!<\/span><\/li>\n<\/ul>\n<p><span style=\"font-size: 12pt; font-family: arial,helvetica,sans-serif;\"><strong>VORAUSSETZUNGEN ZUR ZERTIFIZIERUNG<br \/>\n<\/strong><br \/>\n<\/span><\/p>\n<ul>\n<li><span style=\"font-size: 12pt; font-family: arial,helvetica,sans-serif;\">Absolvierung der gesamten Grundausbildung<\/span><\/li>\n<li><span style=\"font-size: 12pt; font-family: arial,helvetica,sans-serif;\">Regelm\u00e4\u00dfige Teilnahme am Kundalini Yoga f\u00fcr Erwachsene w\u00e4hrend des LEVEL 1 Zeitraumes<\/span><\/li>\n<li><span style=\"font-size: 12pt; font-family: arial,helvetica,sans-serif;\">5 Hospitationen in Yogaklassen f\u00fcr Kinder<\/span><\/li>\n<li><span style=\"font-size: 12pt; font-family: arial,helvetica,sans-serif;\">Eigenes Unterrichten von 5 Kinderyogastunden<\/span><\/li>\n<li><span style=\"font-size: 12pt; font-family: arial,helvetica,sans-serif;\">Wenn erforderlich, Teilnahme am Grundlagenwochenende*<\/span><\/li>\n<\/ul>\n<p><span style=\"font-size: 12pt; font-family: arial,helvetica,sans-serif;\"><strong>AUSBILDUNGSZEITEN<br \/>\nGrundausbildung | 5 Ausbildungseinheiten<\/strong><\/span><br \/>\n<span style=\"font-size: 12pt; font-family: arial,helvetica,sans-serif;\"> 2 x Fr 12:00 &#8211; So 15:00, 3 x Sa 10:00 &#8211; So 16:00 \/ Pr\u00fcfung 17:00<\/span><br \/>\n<span style=\"font-size: 12pt; font-family: arial,helvetica,sans-serif;\"> <strong>Grundlagenwochenende | 1 Wochenende (Fr-So) 12:00 &#8211; 15:00<\/strong><\/span><br \/>\n<span style=\"font-size: 12pt; font-family: arial,helvetica,sans-serif;\"> *F\u00fcr TeilnehmerInnen ohne Kundalini Yoga LehrerInnen-Zertifikat ist die Teilnahme verbindlich.<\/span><\/p>\n<p><span style=\"font-size: 12pt; font-family: arial,helvetica,sans-serif;\"><strong>KOSTEN<br \/>\nGrundausbildung<\/strong>: zwischen \u20ac 1.390.- und \u20ac 1.590.- (je nach Zahlungsmodalit\u00e4t)<\/span><br \/>\n<span style=\"font-size: 12pt; font-family: arial,helvetica,sans-serif;\"> <strong>Grundlagenwochenende<\/strong>: \u20ac 290.-<\/span><\/p>\n","protected":false},"excerpt":{"rendered":"<p>Durch unser Ausbildungssystem von LEVEL 1 &amp; LEVEL 2 bieten wir die M\u00f6glichkeit, eine fundierte und umfangreiche Ausbildung als YogalehrerIn f\u00fcr Kinder zu absolvieren. LEVEL 1 &amp; LEVEL 2 sowie die einzelnen Module in LEVEL 2 sind zeitlich unabh\u00e4ngig voneinander buchbar. Durch diese Flexibilit\u00e4t hast Du die M\u00f6glichkeit, den Ausbildungsverlauf individuell an Dein Familienleben und [&hellip;]<\/p>\n","protected":false},"author":1,"featured_media":0,"parent":0,"menu_order":3,"comment_status":"closed","ping_status":"closed","template":"","meta":[],"yoast_head":"<!-- This site is optimized with the Yoast SEO plugin v15.6.2 - https:\/\/yoast.com\/wordpress\/plugins\/seo\/ -->\n<meta name=\"robots\" content=\"index, follow, max-snippet:-1, max-image-preview:large, max-video-preview:-1\" \/>\n<link rel=\"canonical\" href=\"http:\/\/yoga-ausbildung-kinder-jugendliche.de\/?page_id=8\" \/>\n<meta property=\"og:locale\" content=\"de_DE\" \/>\n<meta property=\"og:type\" content=\"article\" \/>\n<meta property=\"og:title\" content=\"Level 1 - http:\/\/yoga-ausbildung-kinder-jugendliche.de\" \/>\n<meta property=\"og:description\" content=\"Durch unser Ausbildungssystem von LEVEL 1 &amp; LEVEL 2 bieten wir die M\u00f6glichkeit, eine fundierte und umfangreiche Ausbildung als YogalehrerIn f\u00fcr Kinder zu absolvieren. LEVEL 1 &amp; LEVEL 2 sowie die einzelnen Module in LEVEL 2 sind zeitlich unabh\u00e4ngig voneinander buchbar. Durch diese Flexibilit\u00e4t hast Du die M\u00f6glichkeit, den Ausbildungsverlauf individuell an Dein Familienleben und [&hellip;]\" \/>\n<meta property=\"og:url\" content=\"http:\/\/yoga-ausbildung-kinder-jugendliche.de\/?page_id=8\" \/>\n<meta property=\"og:site_name\" content=\"http:\/\/yoga-ausbildung-kinder-jugendliche.de\" \/>\n<meta property=\"article:publisher\" content=\"https:\/\/www.facebook.com\/Fachausbildung-Kinderyoga-LehrerIn-in-3HO-eV-224303660919417\/?fref=ts\" \/>\n<meta property=\"article:modified_time\" content=\"2021-04-27T08:46:44+00:00\" \/>\n<meta name=\"twitter:card\" content=\"summary\" \/>\n<meta name=\"twitter:label1\" content=\"Gesch\u00e4tzte Lesezeit\">\n\t<meta name=\"twitter:data1\" content=\"2\u00a0Minuten\">\n<script type=\"application\/ld+json\" class=\"yoast-schema-graph\">{\"@context\":\"https:\/\/schema.org\",\"@graph\":[{\"@type\":\"WebSite\",\"@id\":\"http:\/\/yoga-ausbildung-kinder-jugendliche.de\/#website\",\"url\":\"http:\/\/yoga-ausbildung-kinder-jugendliche.de\/\",\"name\":\"http:\/\/yoga-ausbildung-kinder-jugendliche.de\",\"description\":\"3HO Fachausbildung YogalehrerIn f\\u00fcr Kinder &amp; Jugendliche\",\"potentialAction\":[{\"@type\":\"SearchAction\",\"target\":\"http:\/\/yoga-ausbildung-kinder-jugendliche.de\/?s={search_term_string}\",\"query-input\":\"required name=search_term_string\"}],\"inLanguage\":\"de\"},{\"@type\":\"WebPage\",\"@id\":\"http:\/\/yoga-ausbildung-kinder-jugendliche.de\/?page_id=8#webpage\",\"url\":\"http:\/\/yoga-ausbildung-kinder-jugendliche.de\/?page_id=8\",\"name\":\"Level 1 - http:\/\/yoga-ausbildung-kinder-jugendliche.de\",\"isPartOf\":{\"@id\":\"http:\/\/yoga-ausbildung-kinder-jugendliche.de\/#website\"},\"datePublished\":\"2016-07-19T17:09:40+00:00\",\"dateModified\":\"2021-04-27T08:46:44+00:00\",\"inLanguage\":\"de\",\"potentialAction\":[{\"@type\":\"ReadAction\",\"target\":[\"http:\/\/yoga-ausbildung-kinder-jugendliche.de\/?page_id=8\"]}]}]}<\/script>\n<!-- \/ Yoast SEO plugin. -->","_links":{"self":[{"href":"http:\/\/yoga-ausbildung-kinder-jugendliche.de\/index.php?rest_route=\/wp\/v2\/pages\/8"}],"collection":[{"href":"http:\/\/yoga-ausbildung-kinder-jugendliche.de\/index.php?rest_route=\/wp\/v2\/pages"}],"about":[{"href":"http:\/\/yoga-ausbildung-kinder-jugendliche.de\/index.php?rest_route=\/wp\/v2\/types\/page"}],"author":[{"embeddable":true,"href":"http:\/\/yoga-ausbildung-kinder-jugendliche.de\/index.php?rest_route=\/wp\/v2\/users\/1"}],"replies":[{"embeddable":true,"href":"http:\/\/yoga-ausbildung-kinder-jugendliche.de\/index.php?rest_route=%2Fwp%2Fv2%2Fcomments&post=8"}],"version-history":[{"count":93,"href":"http:\/\/yoga-ausbildung-kinder-jugendliche.de\/index.php?rest_route=\/wp\/v2\/pages\/8\/revisions"}],"predecessor-version":[{"id":1276,"href":"http:\/\/yoga-ausbildung-kinder-jugendliche.de\/index.php?rest_route=\/wp\/v2\/pages\/8\/revisions\/1276"}],"wp:attachment":[{"href":"http:\/\/yoga-ausbildung-kinder-jugendliche.de\/index.php?rest_route=%2Fwp%2Fv2%2Fmedia&parent=8"}],"curies":[{"name":"wp","href":"https:\/\/api.w.org\/{rel}","templated":true}]}}